{"id":3260,"date":"2022-06-25T13:06:57","date_gmt":"2022-06-25T11:06:57","guid":{"rendered":"https:\/\/ilerkan.org\/?page_id=3260"},"modified":"2022-08-04T14:46:23","modified_gmt":"2022-08-04T12:46:23","slug":"recerca","status":"publish","type":"page","link":"https:\/\/ilerkan.org\/es\/recerca\/","title":{"rendered":"Investigaci\u00f3n"},"content":{"rendered":"\t\t<div data-elementor-type=\"wp-page\" data-elementor-id=\"3260\" class=\"elementor elementor-3260\">\n\t\t\t\t\t\t\t\t\t<section class=\"elementor-section elementor-top-section elementor-element elementor-element-fd42c0a elementor-section-boxed elementor-section-height-default elementor-section-height-default\" data-id=\"fd42c0a\" data-element_type=\"section\">\n\t\t\t\t\t\t<div class=\"elementor-container elementor-column-gap-default\">\n\t\t\t\t\t<div class=\"elementor-column elementor-col-100 elementor-top-column elementor-element elementor-element-5034c98\" data-id=\"5034c98\" data-element_type=\"column\">\n\t\t\t<div class=\"elementor-widget-wrap elementor-element-populated\">\n\t\t\t\t\t\t\t\t<div class=\"elementor-element elementor-element-898bccf elementor-widget elementor-widget-dogi-title\" data-id=\"898bccf\" data-element_type=\"widget\" data-widget_type=\"dogi-title.default\">\n\t\t\t\t<div class=\"elementor-widget-container\">\n\t\t\t\t\t<div class=\"title-boxs\">\r\n\t\t\t<div class=\"title-box\">\r\n\t\t\t\t\t\t\t\t<span class=\"small-title\">Investigaci\u00f3n<\/span>\r\n\t\t\t\t\t\t\t\t\t\t\t\t\t<h2 class=\"title-hadding\"><span><p>Estos son los Art\u00edculos y Proyectos de investigaci\u00f3n que hemos llevado a cabo y que est\u00e1n publicados:<\/p>\n<\/span><\/h2>\r\n\t\t\t\t\t\t\t\t\t\t\t<\/div>\r\n\t\t<\/div>\r\n\t\t\t\t<\/div>\n\t\t\t\t<\/div>\n\t\t\t\t\t<\/div>\n\t\t<\/div>\n\t\t\t\t\t\t\t<\/div>\n\t\t<\/section>\n\t\t\t\t<section class=\"elementor-section elementor-top-section elementor-element elementor-element-44e6e1f elementor-section-boxed elementor-section-height-default elementor-section-height-default\" data-id=\"44e6e1f\" data-element_type=\"section\">\n\t\t\t\t\t\t<div class=\"elementor-container elementor-column-gap-default\">\n\t\t\t\t\t<div class=\"elementor-column elementor-col-100 elementor-top-column elementor-element elementor-element-bc1e2ad\" data-id=\"bc1e2ad\" data-element_type=\"column\">\n\t\t\t<div class=\"elementor-widget-wrap elementor-element-populated\">\n\t\t\t\t\t\t\t\t<div class=\"elementor-element elementor-element-4f12aac elementor-widget elementor-widget-spacer\" data-id=\"4f12aac\" data-element_type=\"widget\" data-widget_type=\"spacer.default\">\n\t\t\t\t<div class=\"elementor-widget-container\">\n\t\t\t<style>\/*! elementor - v3.7.1 - 14-08-2022 *\/\n.elementor-column .elementor-spacer-inner{height:var(--spacer-size)}.e-container{--container-widget-width:100%}.e-container>.elementor-widget-spacer{width:var(--container-widget-width,var(--spacer-size));-ms-flex-item-align:stretch;align-self:stretch;-ms-flex-negative:0;flex-shrink:0}.e-container>.elementor-widget-spacer>.elementor-widget-container,.e-container>.elementor-widget-spacer>.elementor-widget-container>.elementor-spacer{height:100%}.e-container>.elementor-widget-spacer>.elementor-widget-container>.elementor-spacer>.elementor-spacer-inner{height:var(--container-widget-height,var(--spacer-size))}<\/style>\t\t<div class=\"elementor-spacer\">\n\t\t\t<div class=\"elementor-spacer-inner\"><\/div>\n\t\t<\/div>\n\t\t\t\t<\/div>\n\t\t\t\t<\/div>\n\t\t\t\t\t<\/div>\n\t\t<\/div>\n\t\t\t\t\t\t\t<\/div>\n\t\t<\/section>\n\t\t\t\t<section class=\"elementor-section elementor-top-section elementor-element elementor-element-77c7eb4 elementor-section-boxed elementor-section-height-default elementor-section-height-default\" data-id=\"77c7eb4\" data-element_type=\"section\">\n\t\t\t\t\t\t<div class=\"elementor-container elementor-column-gap-default\">\n\t\t\t\t\t<div class=\"elementor-column elementor-col-100 elementor-top-column elementor-element elementor-element-398a437\" data-id=\"398a437\" data-element_type=\"column\">\n\t\t\t<div class=\"elementor-widget-wrap elementor-element-populated\">\n\t\t\t\t\t\t\t\t<div class=\"elementor-element elementor-element-80e971a elementor-widget elementor-widget-dogi-simplegrid\" data-id=\"80e971a\" data-element_type=\"widget\" data-widget_type=\"dogi-simplegrid.default\">\n\t\t\t\t<div class=\"elementor-widget-container\">\n\t\t\t\t\t<div class=\"testimonial-boxs style-two\">\r\n\t\t\t<div class=\"testimonial-box\">\r\n        <div class=\"testimonial-items row\" id=\"testi-36238164\">\r\n                                        <div class=\"item  col-12 col-sm-6 col-md-6 col-lg-4 col-xl-4 no-slide\">\r\n                        <div class=\"testi-single \">\r\n                            <div class=\"testi-content\">\r\n                                Rodrigo-Claverol, M.; Malla-Clua, B.; Marquilles-Bonet, C.; Sol, J.; Jov\u00e9-Naval, J.; Sole-Pujol, M.; Ortega-Bravo, M. Animal-Assisted Therapy Improves Communication and Mobility among Institutionalized People with Cognitive Impairment. Int. J. Environ. Res. Public Health. 2020; 17, 5899.\n<a href=\"https:\/\/www.mdpi.com\/1660-4601\/17\/16\/5899\">https:\/\/www.mdpi.com\/1660-4601\/17\/16\/5899<\/a>                            <\/div>\r\n                        <\/div>\r\n                    <\/div>\r\n                                         <div class=\"item  col-12 col-sm-6 col-md-6 col-lg-4 col-xl-4 no-slide\">\r\n                        <div class=\"testi-single \">\r\n                            <div class=\"testi-content\">\r\n                                Rodrigo-Claverol, M.; Casanova-Gonzalvo, C.; Malla-Clua, B.; Rodrigo-Claverol, E.; Jov\u00e9-Naval, J.; Ortega-Bravo, M. Animal-Assisted Intervention Improves Pain Perception in Polymedicated Geriatric Patients with Chronic Joint Pain: A Clinical Trial. Int. J. Environ. Res. Public Health. 2019; 16, 2843.<br \/><a href=\"https:\/\/www.mdpi.com\/1660-4601\/16\/16\/2843\">https:\/\/www.mdpi.com\/1660-4601\/16\/16\/2843<\/a>                            <\/div>\r\n                        <\/div>\r\n                    <\/div>\r\n                                         <div class=\"item  col-12 col-sm-6 col-md-6 col-lg-4 col-xl-4 no-slide\">\r\n                        <div class=\"testi-single \">\r\n                            <div class=\"testi-content\">\r\n                                Este art\u00edculo fue seleccionado como portada de la revista\n<br \/><a href=\"https:\/\/www.mdpi.com\/1660-4601\/16\/16\">https:\/\/www.mdpi.com\/1660-4601\/16\/16<\/a>                            <\/div>\r\n                        <\/div>\r\n                    <\/div>\r\n                                         <div class=\"item  col-12 col-sm-6 col-md-6 col-lg-4 col-xl-4 no-slide\">\r\n                        <div class=\"testi-single \">\r\n                            <div class=\"testi-content\">\r\n                                Marqu\u00e9s Feixa, A., Rodrigo Claverol, M. Proyecto \u201cGUAU\u201d: trabajando para la inclusi\u00f3n de personas sin hogar mediante la intervenci\u00f3n asistida con animales. RES, Revista de Educaci\u00f3n Social. Julio-diciembre 2019; 29:264-279.<br \/><a href=\"http:\/\/www.eduso.net\/res\/29\/articulo\/proyecto-guau-trabajando-para-la-inclusion-de-personas-sin-hogar-mediante-la-intervencion-asistida-con-animales\" target=\"_blank\" rel=\"noopener\">http:\/\/www.eduso.net\/res\/29\/articulo\/proyecto-guau-trabajando-para-la-inclusion-de-personas-sin-hogar-mediante-la-intervencion-asistida-con-animales<\/a>                            <\/div>\r\n                        <\/div>\r\n                    <\/div>\r\n                                         <div class=\"item  col-12 col-sm-6 col-md-6 col-lg-4 col-xl-4 no-slide\">\r\n                        <div class=\"testi-single \">\r\n                            <div class=\"testi-content\">\r\n                                Maylos Rodrigo-Claverol, Bel\u00e9n Malla-Clua, Esther Rodrigo-Claverol, J\u00falia Jov\u00e9-Naval, J\u00e8ssica Bergad\u00e0-Bell-lloc, Josep Ramon Marsal-Mora. Animal-assisted Therapy for the Emotional Well-being of Children with Intellectual Disabilities and Behavioral Disorders. Sociology and Anthropology. 2018; 6,94-106.<br \/><a href=\"http:\/\/www.hrpub.org\/journals\/article_info.php?aid=6729\" target=\"_blank\" rel=\"noopener\">http:\/\/www.hrpub.org\/journals\/article_info.php?aid=6729<\/a>                            <\/div>\r\n                        <\/div>\r\n                    <\/div>\r\n                                         <div class=\"item  col-12 col-sm-6 col-md-6 col-lg-4 col-xl-4 no-slide\">\r\n                        <div class=\"testi-single \">\r\n                            <div class=\"testi-content\">\r\n                                Rodrigo MD, Rodrigo E,Casanova C,Real J, Sole M, Ortega M. Animal-assisted Therapy in Patients with Psychomotor Disorders and Mental Disabilities. J Primary Health Care Gen Practice. 2017;1(1):2-11.<br \/><a href=\"http:\/\/scientonline.org\/open-access\/animal-assisted-therapy-in-patients-with-psychomotor-disorders-and-mental-disabilities.pdf\" target=\"_blank\" rel=\"noopener\">http:\/\/scientonline.org\/open-access\/animal-assisted-therapy-in-patients-with-psychomotor-disorders-and-mental-disabilities.pdf<\/a>                            <\/div>\r\n                        <\/div>\r\n                    <\/div>\r\n                                         <div class=\"item  col-12 col-sm-6 col-md-6 col-lg-4 col-xl-4 no-slide\">\r\n                        <div class=\"testi-single \">\r\n                            <div class=\"testi-content\">\r\n                                Sol\u00e9 Pujol M, Segura Guerrero X, Rodrigo Claverol M, Bergad\u00e0 Bell-lloch J, Casanova Gonzalvo C, Jov\u00e9 Naval J. Proyecto de intervenci\u00f3n asistida con animales para mejorar las competencias emocionales de un grupo de adolescentes de un centro residencial de acci\u00f3n educativa. Quaderns digitals.net, marzo 2017. 86:18-38. ISSN 1575-9393                            <\/div>\r\n                        <\/div>\r\n                    <\/div>\r\n                                         <div class=\"item  col-12 col-sm-6 col-md-6 col-lg-4 col-xl-4 no-slide\">\r\n                        <div class=\"testi-single \">\r\n                            <div class=\"testi-content\">\r\n                                Rodrigo Claverol M, Rodrigo Claverol E, Bergad\u00e0 Bell-lloch J, Sol\u00e9 Pujol M, Casanova Gonzalvo C, Jov\u00e9 Naval J. Terapia asistida con animales para mejorar el estado emocional de adultos con autismo. Quaderns digitals.net, marzo 2017. 86:1-17. ISSN 1575-9393                            <\/div>\r\n                        <\/div>\r\n                    <\/div>\r\n                                         <div class=\"item  col-12 col-sm-6 col-md-6 col-lg-4 col-xl-4 no-slide\">\r\n                        <div class=\"testi-single \">\r\n                            <div class=\"testi-content\">\r\n                                Rodrigo M, Sol\u00e9 M, Vidalmorg\u00f3 L, Tor\u00e9 L, Santaliestra N y Mu\u00f1oz D. \u201cEl perro de terapia\u201d. Cuadernos de Pedagog\u00eda, n\u00fam. 463, enero 2016. P\u00e1g. 36-39                            <\/div>\r\n                        <\/div>\r\n                    <\/div>\r\n                                         <div class=\"item  col-12 col-sm-6 col-md-6 col-lg-4 col-xl-4 no-slide\">\r\n                        <div class=\"testi-single \">\r\n                            <div class=\"testi-content\">\r\n                                Rodrigo M y Reull\u00ed L. \u201cImpacte sobre la rutina di\u00e0ria en un centre asistencial de la tercera edat. Els gossos s\u00f3n l\u2019est\u00edmul per fer-nos pensar, moure\u2019ns i somriure\u201d. Revista MeSalut n\u00fam. 24, enero 2015. P\u00e1g.54-55                            <\/div>\r\n                        <\/div>\r\n                    <\/div>\r\n                                         <div class=\"item  col-12 col-sm-6 col-md-6 col-lg-4 col-xl-4 no-slide\">\r\n                        <div class=\"testi-single \">\r\n                            <div class=\"testi-content\">\r\n                                Rodrigo M. \u201cProjecte d\u2019intervenci\u00f3 comunit\u00e0ria mitjan\u00e7ant terapia assistida amb animals de l\u2019ABS Bordeta-Magraners\u201d. Butllet\u00ed M\u00e8dic Col\u2022legi Oficial de Metges de Lleida (COMLL). N\u00fam. 102, setembre 2013. P\u00e1g. 6-9                            <\/div>\r\n                        <\/div>\r\n                    <\/div>\r\n                                     <\/div>\r\n            <\/div>\r\n\t\t<\/div>\r\n\t\t\t\t<\/div>\n\t\t\t\t<\/div>\n\t\t\t\t\t<\/div>\n\t\t<\/div>\n\t\t\t\t\t\t\t<\/div>\n\t\t<\/section>\n\t\t\t\t\t\t\t<\/div>\n\t\t","protected":false},"excerpt":{"rendered":"<p>Investigaci\u00f3n Estos son los Art\u00edculos y Proyectos de investigaci\u00f3n que hemos llevado a cabo y que est\u00e1n publicados: Rodrigo-Claverol, M.; Malla-Clua, B.; Marquilles-Bonet, C.; Sol, J.; Jov\u00e9-Naval, J.; Sole-Pujol, M.; Ortega-Bravo, M. Animal-Assisted Therapy Improves Communication and Mobility among Institutionalized People with Cognitive Impairment. Int. J. Environ. Res. Public Health. 2020; 17, 5899. https:\/\/www.mdpi.com\/1660-4601\/17\/16\/5899 Rodrigo-Claverol, [&hellip;]<\/p>\n","protected":false},"author":1,"featured_media":0,"parent":0,"menu_order":0,"comment_status":"closed","ping_status":"closed","template":"blank-template.php","meta":[],"_links":{"self":[{"href":"https:\/\/ilerkan.org\/es\/wp-json\/wp\/v2\/pages\/3260"}],"collection":[{"href":"https:\/\/ilerkan.org\/es\/wp-json\/wp\/v2\/pages"}],"about":[{"href":"https:\/\/ilerkan.org\/es\/wp-json\/wp\/v2\/types\/page"}],"author":[{"embeddable":true,"href":"https:\/\/ilerkan.org\/es\/wp-json\/wp\/v2\/users\/1"}],"replies":[{"embeddable":true,"href":"https:\/\/ilerkan.org\/es\/wp-json\/wp\/v2\/comments?post=3260"}],"version-history":[{"count":9,"href":"https:\/\/ilerkan.org\/es\/wp-json\/wp\/v2\/pages\/3260\/revisions"}],"predecessor-version":[{"id":3751,"href":"https:\/\/ilerkan.org\/es\/wp-json\/wp\/v2\/pages\/3260\/revisions\/3751"}],"wp:attachment":[{"href":"https:\/\/ilerkan.org\/es\/wp-json\/wp\/v2\/media?parent=3260"}],"curies":[{"name":"wp","href":"https:\/\/api.w.org\/{rel}","templated":true}]}}