{"id":3354,"date":"2021-02-28T14:06:38","date_gmt":"2021-02-28T13:06:38","guid":{"rendered":"https:\/\/ilerkan.org\/?page_id=3354"},"modified":"2022-07-20T16:50:58","modified_gmt":"2022-07-20T14:50:58","slug":"equipo-humano","status":"publish","type":"page","link":"https:\/\/ilerkan.org\/es\/equipo-humano\/","title":{"rendered":"Equipo humano"},"content":{"rendered":"\t\t<div data-elementor-type=\"wp-page\" data-elementor-id=\"3354\" class=\"elementor elementor-3354\">\n\t\t\t\t\t\t\t\t\t<section class=\"elementor-section elementor-top-section elementor-element elementor-element-07980d8 elementor-section-boxed elementor-section-height-default elementor-section-height-default\" data-id=\"07980d8\" data-element_type=\"section\">\n\t\t\t\t\t\t<div class=\"elementor-container elementor-column-gap-default\">\n\t\t\t\t\t<div class=\"elementor-column elementor-col-100 elementor-top-column elementor-element elementor-element-23d720f\" data-id=\"23d720f\" data-element_type=\"column\">\n\t\t\t<div class=\"elementor-widget-wrap elementor-element-populated\">\n\t\t\t\t\t\t\t\t<section class=\"elementor-section elementor-inner-section elementor-element elementor-element-170ff17 elementor-section-boxed elementor-section-height-default elementor-section-height-default\" data-id=\"170ff17\" data-element_type=\"section\">\n\t\t\t\t\t\t\t<div class=\"elementor-background-overlay\"><\/div>\n\t\t\t\t\t\t\t<div class=\"elementor-container elementor-column-gap-default\">\n\t\t\t\t\t<div class=\"elementor-column elementor-col-100 elementor-inner-column elementor-element elementor-element-86f3103\" data-id=\"86f3103\" data-element_type=\"column\">\n\t\t\t<div class=\"elementor-widget-wrap elementor-element-populated\">\n\t\t\t\t\t\t\t\t<div class=\"elementor-element elementor-element-ac0f847 elementor-widget elementor-widget-dogi-team2\" data-id=\"ac0f847\" data-element_type=\"widget\" data-widget_type=\"dogi-team2.default\">\n\t\t\t\t<div class=\"elementor-widget-container\">\n\t\t\t\t\t<div class=\"team-boxs team-two\">\r\n\t\t\t<div class=\"team-box\">\r\n                <div class=\"team-items row\" id=\"team-483709082\">\r\n                                     <div class=\"item col-12 col-md-4 col-lg-4 col-xl-4 no-slide\">\r\n                        <div class=\"team-single\">\r\n                            <div class=\"team-image\">\r\n                                <img width=\"1707\" height=\"2560\" src=\"https:\/\/ilerkan.org\/wp-content\/uploads\/2022\/06\/ANA05677-scaled.jpg\" class=\"attachment-post-thumbnail size-post-thumbnail wp-post-image\" alt=\"\" loading=\"lazy\" srcset=\"https:\/\/ilerkan.org\/wp-content\/uploads\/2022\/06\/ANA05677-scaled.jpg 1707w, https:\/\/ilerkan.org\/wp-content\/uploads\/2022\/06\/ANA05677-200x300.jpg 200w, https:\/\/ilerkan.org\/wp-content\/uploads\/2022\/06\/ANA05677-683x1024.jpg 683w, https:\/\/ilerkan.org\/wp-content\/uploads\/2022\/06\/ANA05677-768x1152.jpg 768w, https:\/\/ilerkan.org\/wp-content\/uploads\/2022\/06\/ANA05677-1024x1536.jpg 1024w, https:\/\/ilerkan.org\/wp-content\/uploads\/2022\/06\/ANA05677-1365x2048.jpg 1365w\" sizes=\"(max-width: 1707px) 100vw, 1707px\" \/>                                <div class=\"team-social\">\r\n                                    <ul>\r\n                                                                            <\/ul>\r\n                                <\/div>\r\n                            <\/div>\r\n                            <div class=\"team-content\">\r\n                                <h2><a href=\"https:\/\/ilerkan.org\/es\/team\/maylos-rodrigo\/\">Maylos Rodrigo<\/a><\/h2>\r\n                                                            <\/div>\r\n                        <\/div>\r\n                    <\/div>\r\n                                     <div class=\"item col-12 col-md-4 col-lg-4 col-xl-4 no-slide\">\r\n                        <div class=\"team-single\">\r\n                            <div class=\"team-image\">\r\n                                <img width=\"1707\" height=\"2560\" src=\"https:\/\/ilerkan.org\/wp-content\/uploads\/2022\/06\/ANA05664-scaled.jpg\" class=\"attachment-post-thumbnail size-post-thumbnail wp-post-image\" alt=\"\" loading=\"lazy\" srcset=\"https:\/\/ilerkan.org\/wp-content\/uploads\/2022\/06\/ANA05664-scaled.jpg 1707w, https:\/\/ilerkan.org\/wp-content\/uploads\/2022\/06\/ANA05664-200x300.jpg 200w, https:\/\/ilerkan.org\/wp-content\/uploads\/2022\/06\/ANA05664-683x1024.jpg 683w, https:\/\/ilerkan.org\/wp-content\/uploads\/2022\/06\/ANA05664-768x1152.jpg 768w, https:\/\/ilerkan.org\/wp-content\/uploads\/2022\/06\/ANA05664-1024x1536.jpg 1024w, https:\/\/ilerkan.org\/wp-content\/uploads\/2022\/06\/ANA05664-1365x2048.jpg 1365w\" sizes=\"(max-width: 1707px) 100vw, 1707px\" \/>                                <div class=\"team-social\">\r\n                                    <ul>\r\n                                                                            <\/ul>\r\n                                <\/div>\r\n                            <\/div>\r\n                            <div class=\"team-content\">\r\n                                <h2><a href=\"https:\/\/ilerkan.org\/es\/team\/julia-jove\/\">J\u00falia Jov\u00e9<\/a><\/h2>\r\n                                                            <\/div>\r\n                        <\/div>\r\n                    <\/div>\r\n                                     <div class=\"item col-12 col-md-4 col-lg-4 col-xl-4 no-slide\">\r\n                        <div class=\"team-single\">\r\n                            <div class=\"team-image\">\r\n                                <img width=\"1707\" height=\"2560\" src=\"https:\/\/ilerkan.org\/wp-content\/uploads\/2022\/06\/ANA05779-scaled.jpg\" class=\"attachment-post-thumbnail size-post-thumbnail wp-post-image\" alt=\"\" loading=\"lazy\" srcset=\"https:\/\/ilerkan.org\/wp-content\/uploads\/2022\/06\/ANA05779-scaled.jpg 1707w, https:\/\/ilerkan.org\/wp-content\/uploads\/2022\/06\/ANA05779-200x300.jpg 200w, https:\/\/ilerkan.org\/wp-content\/uploads\/2022\/06\/ANA05779-683x1024.jpg 683w, https:\/\/ilerkan.org\/wp-content\/uploads\/2022\/06\/ANA05779-768x1152.jpg 768w, https:\/\/ilerkan.org\/wp-content\/uploads\/2022\/06\/ANA05779-1024x1536.jpg 1024w, https:\/\/ilerkan.org\/wp-content\/uploads\/2022\/06\/ANA05779-1365x2048.jpg 1365w\" sizes=\"(max-width: 1707px) 100vw, 1707px\" \/>                                <div class=\"team-social\">\r\n                                    <ul>\r\n                                                                            <\/ul>\r\n                                <\/div>\r\n                            <\/div>\r\n                            <div class=\"team-content\">\r\n                                <h2><a href=\"https:\/\/ilerkan.org\/es\/team\/meritxell-sole\/\">Meritxell Sol\u00e9<\/a><\/h2>\r\n                                                            <\/div>\r\n                        <\/div>\r\n                    <\/div>\r\n                                     <div class=\"item col-12 col-md-4 col-lg-4 col-xl-4 no-slide\">\r\n                        <div class=\"team-single\">\r\n                            <div class=\"team-image\">\r\n                                <img width=\"1707\" height=\"2560\" src=\"https:\/\/ilerkan.org\/wp-content\/uploads\/2022\/06\/ANA05649-scaled.jpg\" class=\"attachment-post-thumbnail size-post-thumbnail wp-post-image\" alt=\"\" loading=\"lazy\" srcset=\"https:\/\/ilerkan.org\/wp-content\/uploads\/2022\/06\/ANA05649-scaled.jpg 1707w, https:\/\/ilerkan.org\/wp-content\/uploads\/2022\/06\/ANA05649-200x300.jpg 200w, https:\/\/ilerkan.org\/wp-content\/uploads\/2022\/06\/ANA05649-683x1024.jpg 683w, https:\/\/ilerkan.org\/wp-content\/uploads\/2022\/06\/ANA05649-768x1152.jpg 768w, https:\/\/ilerkan.org\/wp-content\/uploads\/2022\/06\/ANA05649-1024x1536.jpg 1024w, https:\/\/ilerkan.org\/wp-content\/uploads\/2022\/06\/ANA05649-1365x2048.jpg 1365w\" sizes=\"(max-width: 1707px) 100vw, 1707px\" \/>                                <div class=\"team-social\">\r\n                                    <ul>\r\n                                                                            <\/ul>\r\n                                <\/div>\r\n                            <\/div>\r\n                            <div class=\"team-content\">\r\n                                <h2><a href=\"https:\/\/ilerkan.org\/es\/team\/jessica-bergada\/\">J\u00e8ssica Bergad\u00e0<\/a><\/h2>\r\n                                                            <\/div>\r\n                        <\/div>\r\n                    <\/div>\r\n                                     <div class=\"item col-12 col-md-4 col-lg-4 col-xl-4 no-slide\">\r\n                        <div class=\"team-single\">\r\n                            <div class=\"team-image\">\r\n                                <img width=\"1707\" height=\"2560\" src=\"https:\/\/ilerkan.org\/wp-content\/uploads\/2022\/06\/ANA05786-scaled.jpg\" class=\"attachment-post-thumbnail size-post-thumbnail wp-post-image\" alt=\"\" loading=\"lazy\" srcset=\"https:\/\/ilerkan.org\/wp-content\/uploads\/2022\/06\/ANA05786-scaled.jpg 1707w, https:\/\/ilerkan.org\/wp-content\/uploads\/2022\/06\/ANA05786-200x300.jpg 200w, https:\/\/ilerkan.org\/wp-content\/uploads\/2022\/06\/ANA05786-683x1024.jpg 683w, https:\/\/ilerkan.org\/wp-content\/uploads\/2022\/06\/ANA05786-768x1152.jpg 768w, https:\/\/ilerkan.org\/wp-content\/uploads\/2022\/06\/ANA05786-1024x1536.jpg 1024w, https:\/\/ilerkan.org\/wp-content\/uploads\/2022\/06\/ANA05786-1365x2048.jpg 1365w\" sizes=\"(max-width: 1707px) 100vw, 1707px\" \/>                                <div class=\"team-social\">\r\n                                    <ul>\r\n                                                                            <\/ul>\r\n                                <\/div>\r\n                            <\/div>\r\n                            <div class=\"team-content\">\r\n                                <h2><a href=\"https:\/\/ilerkan.org\/es\/team\/miriam-oros\/\">M\u00edriam Or\u00f3s<\/a><\/h2>\r\n                                                            <\/div>\r\n                        <\/div>\r\n                    <\/div>\r\n                                     <div class=\"item col-12 col-md-4 col-lg-4 col-xl-4 no-slide\">\r\n                        <div class=\"team-single\">\r\n                            <div class=\"team-image\">\r\n                                <img width=\"1706\" height=\"2560\" src=\"https:\/\/ilerkan.org\/wp-content\/uploads\/2022\/06\/ANA05644-scaled.jpg\" class=\"attachment-post-thumbnail size-post-thumbnail wp-post-image\" alt=\"\" loading=\"lazy\" srcset=\"https:\/\/ilerkan.org\/wp-content\/uploads\/2022\/06\/ANA05644-scaled.jpg 1706w, https:\/\/ilerkan.org\/wp-content\/uploads\/2022\/06\/ANA05644-200x300.jpg 200w, https:\/\/ilerkan.org\/wp-content\/uploads\/2022\/06\/ANA05644-683x1024.jpg 683w, https:\/\/ilerkan.org\/wp-content\/uploads\/2022\/06\/ANA05644-768x1152.jpg 768w, https:\/\/ilerkan.org\/wp-content\/uploads\/2022\/06\/ANA05644-1024x1536.jpg 1024w, https:\/\/ilerkan.org\/wp-content\/uploads\/2022\/06\/ANA05644-1365x2048.jpg 1365w\" sizes=\"(max-width: 1706px) 100vw, 1706px\" \/>                                <div class=\"team-social\">\r\n                                    <ul>\r\n                                                                            <\/ul>\r\n                                <\/div>\r\n                            <\/div>\r\n                            <div class=\"team-content\">\r\n                                <h2><a href=\"https:\/\/ilerkan.org\/es\/team\/esther-rodrigo\/\">Esther Rodrigo<\/a><\/h2>\r\n                                                            <\/div>\r\n                        <\/div>\r\n                    <\/div>\r\n                                     <div class=\"item col-12 col-md-4 col-lg-4 col-xl-4 no-slide\">\r\n                        <div class=\"team-single\">\r\n                            <div class=\"team-image\">\r\n                                <img width=\"1707\" height=\"2560\" src=\"https:\/\/ilerkan.org\/wp-content\/uploads\/2022\/06\/ANA05875-1-scaled.jpg\" class=\"attachment-post-thumbnail size-post-thumbnail wp-post-image\" alt=\"\" loading=\"lazy\" srcset=\"https:\/\/ilerkan.org\/wp-content\/uploads\/2022\/06\/ANA05875-1-scaled.jpg 1707w, https:\/\/ilerkan.org\/wp-content\/uploads\/2022\/06\/ANA05875-1-200x300.jpg 200w, https:\/\/ilerkan.org\/wp-content\/uploads\/2022\/06\/ANA05875-1-683x1024.jpg 683w, https:\/\/ilerkan.org\/wp-content\/uploads\/2022\/06\/ANA05875-1-768x1152.jpg 768w, https:\/\/ilerkan.org\/wp-content\/uploads\/2022\/06\/ANA05875-1-1024x1536.jpg 1024w, https:\/\/ilerkan.org\/wp-content\/uploads\/2022\/06\/ANA05875-1-1365x2048.jpg 1365w\" sizes=\"(max-width: 1707px) 100vw, 1707px\" \/>                                <div class=\"team-social\">\r\n                                    <ul>\r\n                                                                            <\/ul>\r\n                                <\/div>\r\n                            <\/div>\r\n                            <div class=\"team-content\">\r\n                                <h2><a href=\"https:\/\/ilerkan.org\/es\/team\/laura-reulli\/\">Laura Reull\u00ed<\/a><\/h2>\r\n                                                            <\/div>\r\n                        <\/div>\r\n                    <\/div>\r\n                                     <div class=\"item col-12 col-md-4 col-lg-4 col-xl-4 no-slide\">\r\n                        <div class=\"team-single\">\r\n                            <div class=\"team-image\">\r\n                                <img width=\"1707\" height=\"2560\" src=\"https:\/\/ilerkan.org\/wp-content\/uploads\/2022\/06\/ANA05637-scaled.jpg\" class=\"attachment-post-thumbnail size-post-thumbnail wp-post-image\" alt=\"\" loading=\"lazy\" srcset=\"https:\/\/ilerkan.org\/wp-content\/uploads\/2022\/06\/ANA05637-scaled.jpg 1707w, https:\/\/ilerkan.org\/wp-content\/uploads\/2022\/06\/ANA05637-200x300.jpg 200w, https:\/\/ilerkan.org\/wp-content\/uploads\/2022\/06\/ANA05637-683x1024.jpg 683w, https:\/\/ilerkan.org\/wp-content\/uploads\/2022\/06\/ANA05637-768x1152.jpg 768w, https:\/\/ilerkan.org\/wp-content\/uploads\/2022\/06\/ANA05637-1024x1536.jpg 1024w, https:\/\/ilerkan.org\/wp-content\/uploads\/2022\/06\/ANA05637-1365x2048.jpg 1365w\" sizes=\"(max-width: 1707px) 100vw, 1707px\" \/>                                <div class=\"team-social\">\r\n                                    <ul>\r\n                                                                            <\/ul>\r\n                                <\/div>\r\n                            <\/div>\r\n                            <div class=\"team-content\">\r\n                                <h2><a href=\"https:\/\/ilerkan.org\/es\/team\/laia-serveto-2\/\">Laia Serveto<\/a><\/h2>\r\n                                                            <\/div>\r\n                        <\/div>\r\n                    <\/div>\r\n                                     <div class=\"item col-12 col-md-4 col-lg-4 col-xl-4 no-slide\">\r\n                        <div class=\"team-single\">\r\n                            <div class=\"team-image\">\r\n                                <img width=\"1707\" height=\"2560\" src=\"https:\/\/ilerkan.org\/wp-content\/uploads\/2022\/06\/Laia-Navarro-scaled.jpg\" class=\"attachment-post-thumbnail size-post-thumbnail wp-post-image\" alt=\"\" loading=\"lazy\" srcset=\"https:\/\/ilerkan.org\/wp-content\/uploads\/2022\/06\/Laia-Navarro-scaled.jpg 1707w, https:\/\/ilerkan.org\/wp-content\/uploads\/2022\/06\/Laia-Navarro-200x300.jpg 200w, https:\/\/ilerkan.org\/wp-content\/uploads\/2022\/06\/Laia-Navarro-683x1024.jpg 683w, https:\/\/ilerkan.org\/wp-content\/uploads\/2022\/06\/Laia-Navarro-768x1152.jpg 768w, https:\/\/ilerkan.org\/wp-content\/uploads\/2022\/06\/Laia-Navarro-1024x1536.jpg 1024w, https:\/\/ilerkan.org\/wp-content\/uploads\/2022\/06\/Laia-Navarro-1366x2048.jpg 1366w\" sizes=\"(max-width: 1707px) 100vw, 1707px\" \/>                                <div class=\"team-social\">\r\n                                    <ul>\r\n                                                                            <\/ul>\r\n                                <\/div>\r\n                            <\/div>\r\n                            <div class=\"team-content\">\r\n                                <h2><a href=\"https:\/\/ilerkan.org\/es\/team\/laia-serveto\/\">Laia Navarro<\/a><\/h2>\r\n                                                            <\/div>\r\n                        <\/div>\r\n                    <\/div>\r\n                                 <\/div>\r\n            <\/div>\r\n\t\t<\/div>\r\n\t\t\t\t<\/div>\n\t\t\t\t<\/div>\n\t\t\t\t\t<\/div>\n\t\t<\/div>\n\t\t\t\t\t\t\t<\/div>\n\t\t<\/section>\n\t\t\t\t\t<\/div>\n\t\t<\/div>\n\t\t\t\t\t\t\t<\/div>\n\t\t<\/section>\n\t\t\t\t<section class=\"elementor-section elementor-top-section elementor-element elementor-element-9b9efa4 elementor-section-boxed elementor-section-height-default elementor-section-height-default\" data-id=\"9b9efa4\" data-element_type=\"section\">\n\t\t\t\t\t\t<div class=\"elementor-container elementor-column-gap-default\">\n\t\t\t\t\t<div class=\"elementor-column elementor-col-100 elementor-top-column elementor-element elementor-element-01a3ff0\" data-id=\"01a3ff0\" data-element_type=\"column\">\n\t\t\t<div class=\"elementor-widget-wrap elementor-element-populated\">\n\t\t\t\t\t\t\t\t<div class=\"elementor-element elementor-element-affc8d1 elementor-widget elementor-widget-text-editor\" data-id=\"affc8d1\" data-element_type=\"widget\" data-widget_type=\"text-editor.default\">\n\t\t\t\t<div class=\"elementor-widget-container\">\n\t\t\t<style>\/*! elementor - v3.7.1 - 14-08-2022 *\/\n.elementor-widget-text-editor.elementor-drop-cap-view-stacked .elementor-drop-cap{background-color:#818a91;color:#fff}.elementor-widget-text-editor.elementor-drop-cap-view-framed .elementor-drop-cap{color:#818a91;border:3px solid;background-color:transparent}.elementor-widget-text-editor:not(.elementor-drop-cap-view-default) .elementor-drop-cap{margin-top:8px}.elementor-widget-text-editor:not(.elementor-drop-cap-view-default) .elementor-drop-cap-letter{width:1em;height:1em}.elementor-widget-text-editor .elementor-drop-cap{float:left;text-align:center;line-height:1;font-size:50px}.elementor-widget-text-editor .elementor-drop-cap-letter{display:inline-block}<\/style>\t\t\t\t<blockquote>El trabajo en equipo forma parte de nuestra manera de vivir y entender las IAA<\/blockquote>\t\t\t\t\t\t<\/div>\n\t\t\t\t<\/div>\n\t\t\t\t\t<\/div>\n\t\t<\/div>\n\t\t\t\t\t\t\t<\/div>\n\t\t<\/section>\n\t\t\t\t\t\t\t<\/div>\n\t\t","protected":false},"excerpt":{"rendered":"<p>Maylos Rodrigo J\u00falia Jov\u00e9 Meritxell Sol\u00e9 J\u00e8ssica Bergad\u00e0 M\u00edriam Or\u00f3s Esther Rodrigo Laura Reull\u00ed Laia Serveto El trabajo en equipo forma parte de nuestra manera de vivir y entender las IAA<\/p>\n","protected":false},"author":1,"featured_media":0,"parent":0,"menu_order":0,"comment_status":"closed","ping_status":"closed","template":"blank-template.php","meta":[],"_links":{"self":[{"href":"https:\/\/ilerkan.org\/es\/wp-json\/wp\/v2\/pages\/3354"}],"collection":[{"href":"https:\/\/ilerkan.org\/es\/wp-json\/wp\/v2\/pages"}],"about":[{"href":"https:\/\/ilerkan.org\/es\/wp-json\/wp\/v2\/types\/page"}],"author":[{"embeddable":true,"href":"https:\/\/ilerkan.org\/es\/wp-json\/wp\/v2\/users\/1"}],"replies":[{"embeddable":true,"href":"https:\/\/ilerkan.org\/es\/wp-json\/wp\/v2\/comments?post=3354"}],"version-history":[{"count":4,"href":"https:\/\/ilerkan.org\/es\/wp-json\/wp\/v2\/pages\/3354\/revisions"}],"predecessor-version":[{"id":3358,"href":"https:\/\/ilerkan.org\/es\/wp-json\/wp\/v2\/pages\/3354\/revisions\/3358"}],"wp:attachment":[{"href":"https:\/\/ilerkan.org\/es\/wp-json\/wp\/v2\/media?parent=3354"}],"curies":[{"name":"wp","href":"https:\/\/api.w.org\/{rel}","templated":true}]}}