{"id":3581,"date":"2014-04-18T10:06:23","date_gmt":"2014-04-18T08:06:23","guid":{"rendered":"https:\/\/ilerkan.org\/?page_id=3581"},"modified":"2022-07-21T14:41:47","modified_gmt":"2022-07-21T12:41:47","slug":"ilerkan","status":"publish","type":"page","link":"https:\/\/ilerkan.org\/es\/ilerkan\/","title":{"rendered":"ILERKAN"},"content":{"rendered":"\t\t<div data-elementor-type=\"wp-page\" data-elementor-id=\"3581\" class=\"elementor elementor-3581\">\n\t\t\t\t\t\t\t\t\t<section class=\"elementor-section elementor-top-section elementor-element elementor-element-5185f628 elementor-section-boxed elementor-section-height-default elementor-section-height-default\" data-id=\"5185f628\" data-element_type=\"section\">\n\t\t\t\t\t\t<div class=\"elementor-container elementor-column-gap-default\">\n\t\t\t\t\t<div class=\"elementor-column elementor-col-100 elementor-top-column elementor-element elementor-element-3ad9f8ec\" data-id=\"3ad9f8ec\" data-element_type=\"column\">\n\t\t\t<div class=\"elementor-widget-wrap elementor-element-populated\">\n\t\t\t\t\t\t\t\t<div class=\"elementor-element elementor-element-f625193 elementor-widget elementor-widget-dogi-title\" data-id=\"f625193\" data-element_type=\"widget\" data-widget_type=\"dogi-title.default\">\n\t\t\t\t<div class=\"elementor-widget-container\">\n\t\t\t\t\t<div class=\"title-boxs\">\r\n\t\t\t<div class=\"title-box\">\r\n\t\t\t\t\t\t\t\t<span class=\"small-title\">Sobre nosotros<\/span>\r\n\t\t\t\t\t\t\t\t\t\t\t\t\t<h2 class=\"title-hadding\"><span><p>ILERKAN<\/p>\n<\/span><\/h2>\r\n\t\t\t\t\t\t\t\t\t\t\t<\/div>\r\n\t\t<\/div>\r\n\t\t\t\t<\/div>\n\t\t\t\t<\/div>\n\t\t\t\t<div class=\"elementor-element elementor-element-61e3dec6 elementor-widget elementor-widget-text-editor\" data-id=\"61e3dec6\" data-element_type=\"widget\" data-widget_type=\"text-editor.default\">\n\t\t\t\t<div class=\"elementor-widget-container\">\n\t\t\t<style>\/*! elementor - v3.7.1 - 14-08-2022 *\/\n.elementor-widget-text-editor.elementor-drop-cap-view-stacked .elementor-drop-cap{background-color:#818a91;color:#fff}.elementor-widget-text-editor.elementor-drop-cap-view-framed .elementor-drop-cap{color:#818a91;border:3px solid;background-color:transparent}.elementor-widget-text-editor:not(.elementor-drop-cap-view-default) .elementor-drop-cap{margin-top:8px}.elementor-widget-text-editor:not(.elementor-drop-cap-view-default) .elementor-drop-cap-letter{width:1em;height:1em}.elementor-widget-text-editor .elementor-drop-cap{float:left;text-align:center;line-height:1;font-size:50px}.elementor-widget-text-editor .elementor-drop-cap-letter{display:inline-block}<\/style>\t\t\t\t<p><strong>ILERKAN\u00a0<\/strong>es una Asociaci\u00f3n sin \u00e1nimo de lucro, nacida en Lleida en Febrero de 2014, que pretende mejorar la calidad de vida de las personas mediante las Intervenciones Asistidas con los Animales.<\/p><p>Somos un equipo multidisciplinar de profesionales dedicados al \u00e1mbito sanitario y educativo. Contamos con una amplia experiencia, desde 2007, en el campo de las IAA.<\/p><p>Las<strong> Intervenciones Asidas con Animales (IAA)<\/strong> consisten en la participaci\u00f3n de animales en intervenciones terap\u00e9uticas o educativas, con el fin de promover mejoras a nivel f\u00edsico, social, emocional, educacional y\/o cognitivo de la persona. No se trata de terapias alternativas; son programas complementarios en los que el animal resulta un elemento motivador y facilitador de la terapia\/educaci\u00f3n, convirti\u00e9ndose en una gran ayuda para el terapeuta o educador.<\/p><p>En la Asociaci\u00f3n Ilerkan trabajamos con perros por tratarse de animales sociables, familiares, que proporcionan est\u00edmulos multisensoriales y que tienen una gran capacidad para estimular e interaccionar con las personas. Los perros son animales perfectamente integrados en la sociedad y de un tama\u00f1o que facilita el acceso a los centros donde trabajamos.<\/p><blockquote><p>Dibujando sonrisas construimos ilusiones<\/p><\/blockquote>\t\t\t\t\t\t<\/div>\n\t\t\t\t<\/div>\n\t\t\t\t\t<\/div>\n\t\t<\/div>\n\t\t\t\t\t\t\t<\/div>\n\t\t<\/section>\n\t\t\t\t\t\t\t<\/div>\n\t\t","protected":false},"excerpt":{"rendered":"<p>Sobre nosotros ILERKAN ILERKAN\u00a0es una Asociaci\u00f3n sin \u00e1nimo de lucro, nacida en Lleida en Febrero de 2014, que pretende mejorar la calidad de vida de las personas mediante las Intervenciones Asistidas con los Animales. Somos un equipo multidisciplinar de profesionales dedicados al \u00e1mbito sanitario y educativo. Contamos con una amplia experiencia, desde 2007, en el [&hellip;]<\/p>\n","protected":false},"author":1,"featured_media":0,"parent":0,"menu_order":0,"comment_status":"closed","ping_status":"closed","template":"","meta":[],"_links":{"self":[{"href":"https:\/\/ilerkan.org\/es\/wp-json\/wp\/v2\/pages\/3581"}],"collection":[{"href":"https:\/\/ilerkan.org\/es\/wp-json\/wp\/v2\/pages"}],"about":[{"href":"https:\/\/ilerkan.org\/es\/wp-json\/wp\/v2\/types\/page"}],"author":[{"embeddable":true,"href":"https:\/\/ilerkan.org\/es\/wp-json\/wp\/v2\/users\/1"}],"replies":[{"embeddable":true,"href":"https:\/\/ilerkan.org\/es\/wp-json\/wp\/v2\/comments?post=3581"}],"version-history":[{"count":7,"href":"https:\/\/ilerkan.org\/es\/wp-json\/wp\/v2\/pages\/3581\/revisions"}],"predecessor-version":[{"id":3588,"href":"https:\/\/ilerkan.org\/es\/wp-json\/wp\/v2\/pages\/3581\/revisions\/3588"}],"wp:attachment":[{"href":"https:\/\/ilerkan.org\/es\/wp-json\/wp\/v2\/media?parent=3581"}],"curies":[{"name":"wp","href":"https:\/\/api.w.org\/{rel}","templated":true}]}}